{"id":930,"date":"2026-03-25T13:32:01","date_gmt":"2026-03-25T12:32:01","guid":{"rendered":"https:\/\/privacy4all.de\/startseite\/?page_id=930"},"modified":"2026-04-02T13:23:34","modified_gmt":"2026-04-02T11:23:34","slug":"datenschutzerklaerung","status":"publish","type":"page","link":"https:\/\/privacy4all.de\/startseite\/datenschutzerklaerung\/","title":{"rendered":"Datenschutzerkl\u00e4rung"},"content":{"rendered":"\n<p class=\"has-large-font-size\"><strong>Datenschutzerkl\u00e4rung<\/strong><\/p>\n\n\n\n<p style=\"font-size:18px\">Wenn Sie unsere Webseite nutzen oder mit uns elektronisch kommunizieren, verarbeiten wir personenbezogene Daten von Ihnen. In dieser Datenschutzerkl\u00e4rung erkl\u00e4ren wir, welche Daten das sind, warum wir sie verarbeiten und in welchem Umfang dies geschieht.<\/p>\n\n\n\n<p style=\"font-size:18px\"><strong>Inhaltsverzeichnis<\/strong><\/p>\n\n\n\n<ol style=\"font-size:18px\" class=\"wp-block-list\">\n<li>Wer ist f\u00fcr die Datenverarbeitung verantwortlich?<\/li>\n\n\n\n<li>An wen k\u00f6nnen Sie sich bei Fragen wenden?<\/li>\n\n\n\n<li>Wann wir personenbezogene Daten sammeln und verarbeiten<\/li>\n\n\n\n<li>Welche Daten werden verarbeitet?\n<ol class=\"wp-block-list\">\n<li>Welche Daten verarbeiten wir beim Besuch der Webseite?<\/li>\n\n\n\n<li>Welche Daten verarbeiten wir, wenn Sie mit uns Kontakt aufnehmen?<\/li>\n<\/ol>\n<\/li>\n\n\n\n<li>Cookies<\/li>\n\n\n\n<li>Zu welchem Zweck verarbeiten wir diese Daten<\/li>\n\n\n\n<li>Wie lange speichern wir Ihre Daten? <\/li>\n\n\n\n<li>Wer erh\u00e4lt Ihre Daten? <\/li>\n\n\n\n<li>Welche Rechte haben Sie in Bezug auf Ihre Daten? <\/li>\n\n\n\n<li>Wie k\u00f6nnen Sie Ihre Rechte aus\u00fcben? <\/li>\n\n\n\n<li>\u00c4nderungen dieser Datenschutzerkl\u00e4rung <\/li>\n<\/ol>\n\n\n\n<div class=\"wp-block-columns is-layout-flex wp-container-core-columns-is-layout-9d6595d7 wp-block-columns-is-layout-flex\">\n<div class=\"wp-block-column is-layout-flow wp-block-column-is-layout-flow\" style=\"flex-basis:10%\"><\/div>\n\n\n\n<div class=\"wp-block-column is-layout-flow wp-block-column-is-layout-flow\" style=\"flex-basis:90%\">\n<p class=\"has-text-align-left has-medium-font-size\"><a id=\"_msocom_1\"><\/a><strong>1. Wer ist f\u00fcr die Datenverarbeitung verantwortlich? <\/strong><\/p>\n<\/div>\n<\/div>\n\n\n\n<div class=\"wp-block-group\"><div class=\"wp-block-group__inner-container is-layout-constrained wp-block-group-is-layout-constrained\">\n\n\n<div class=\"wp-block-columns is-layout-flex wp-container-core-columns-is-layout-9d6595d7 wp-block-columns-is-layout-flex\">\n<div class=\"wp-block-column is-layout-flow wp-block-column-is-layout-flow\" style=\"flex-basis:50%\">\n<p style=\"font-size:18px\"><strong>Campus Duisburg:<\/strong><br>Forsthausweg 2<br>47057 Duisburg<br>Tel.: +49 203 379-0<br>Fax.: +49 203 379-3333<\/p>\n<\/div>\n\n\n\n<div class=\"wp-block-column is-layout-flow wp-block-column-is-layout-flow\" style=\"flex-basis:50%\">\n<p style=\"font-size:18px\"><strong>Campus Essen:<\/strong><br>Universit\u00e4tsstra\u00dfe 2<br>45141 Essen<br>Tel.: +49 201 183-0<br>Fax.: +49 201 183-3536<\/p>\n<\/div>\n<\/div>\n\n\n<\/div><\/div>\n\n\n\n<p style=\"font-size:18px\">Die Universit\u00e4t Duisburg-Essen wird vertreten durch ihre Rektorin:<br><strong>Prof. Dr. Barbara Albert<\/strong><br><a href=\"mailto:rektorin@uni-due.de\">rektorin@uni-due.de<\/a><br>Campus Duisburg<br>Tel.: +49 203 379-2465<br>Campus Essen<br>Tel.: +49 201 183-2000<br>Website:&nbsp;<a href=\"https:\/\/www.uni-due.de\/de\/rektorat\/rektorin.php\">www.uni-due.de\/de\/rektorat\/rektorin.php<\/a><\/p>\n\n\n\n<div class=\"wp-block-columns is-layout-flex wp-container-core-columns-is-layout-9d6595d7 wp-block-columns-is-layout-flex\">\n<div class=\"wp-block-column is-layout-flow wp-block-column-is-layout-flow\" style=\"flex-basis:10%\"><\/div>\n\n\n\n<div class=\"wp-block-column is-layout-flow wp-block-column-is-layout-flow\" style=\"flex-basis:90%\">\n<p class=\"has-text-align-left has-medium-font-size\"><strong>2.<strong> An wen k\u00f6nnen Sie sich bei Fragen wenden?<\/strong> <\/strong><\/p>\n<\/div>\n<\/div>\n\n\n\n<p style=\"font-size:18px\"><strong>Der Datenschutzbeauftragte der Verantwortlichen ist:<\/strong><br><strong>Dr. Kai-Uwe Loser<\/strong><br>(Beh\u00f6rdlicher Datenschutzbeauftragter der Universit\u00e4t Duisburg-Essen)<br>Forsthausweg 2<br>47057 Duisburg<br>Tel.: +49 234 322-8720<br><a href=\"mailto:kai-uwe.loser@uni-due.de\">kai-uwe.loser@uni-due.de<\/a><br>Website:&nbsp;<a href=\"http:\/\/www.uni-due.de\/verwaltung\/datenschutz\">www.uni-due.de\/verwaltung\/datenschutz<\/a><\/p>\n\n\n\n<div class=\"wp-block-columns is-layout-flex wp-container-core-columns-is-layout-9d6595d7 wp-block-columns-is-layout-flex\">\n<div class=\"wp-block-column is-layout-flow wp-block-column-is-layout-flow\" style=\"flex-basis:10%\"><\/div>\n\n\n\n<div class=\"wp-block-column is-layout-flow wp-block-column-is-layout-flow\" style=\"flex-basis:90%\">\n<p class=\"has-text-align-left has-medium-font-size\"><strong><strong>3. Wann wir personenbezogene Daten sammeln und verarbeiten<\/strong> <\/strong><\/p>\n<\/div>\n<\/div>\n\n\n\n<div class=\"wp-block-group\" style=\"font-size:18px\"><div class=\"wp-block-group__inner-container is-layout-constrained wp-block-group-is-layout-constrained\">\n<p style=\"font-size:18px\">Ihre Daten werden erhoben, <\/p>\n\n\n\n<ul style=\"font-size:18px\" class=\"wp-block-list\">\n<li>wenn Sie unsere Webseite besuchen (automatisch),<\/li>\n\n\n\n<li>wenn Sie uns aktiv kontaktieren (z. B. per E-Mail oder Formular)<\/li>\n<\/ul>\n<\/div><\/div>\n\n\n\n<p class=\"has-medium-font-size\"><strong>4. Welche Daten werden verarbeitet?<\/strong><\/p>\n\n\n\n<div class=\"wp-block-columns is-layout-flex wp-container-core-columns-is-layout-9d6595d7 wp-block-columns-is-layout-flex\">\n<div class=\"wp-block-column is-layout-flow wp-block-column-is-layout-flow\" style=\"flex-basis:10%\"><\/div>\n\n\n\n<div class=\"wp-block-column is-layout-flow wp-block-column-is-layout-flow\" style=\"flex-basis:90%\">\n<p class=\"has-text-align-left has-medium-font-size\"><strong><strong>4.1. Welche Daten verarbeiten wir beim Besuch der Webseite?<\/strong> <\/strong><\/p>\n<\/div>\n<\/div>\n\n\n\n<div class=\"wp-block-group\" style=\"font-size:18px\"><div class=\"wp-block-group__inner-container is-layout-constrained wp-block-group-is-layout-constrained\">\n<p style=\"font-size:18px\">Beim Aufruf dieser Website werden automatisch Informationen durch den Webserver erfasst. Diese Daten werden in sogenannten Server-Logfiles gespeichert.<\/p>\n\n\n\n<p style=\"font-size:18px\">Folgende Daten k\u00f6nnen dabei erfasst werden:<\/p>\n\n\n\n<ul style=\"font-size:18px\" class=\"wp-block-list\">\n<li>IP-Adresse<\/li>\n\n\n\n<li>Datum und Uhrzeit des Zugriffs<\/li>\n\n\n\n<li>aufgerufene Seiten und Dateien<\/li>\n\n\n\n<li>Referrer-URL (Website, von der Sie auf unsere Seite gelangt sind)<\/li>\n\n\n\n<li>Browsertyp und Browserversion<\/li>\n\n\n\n<li>verwendetes Betriebssystem<\/li>\n<\/ul>\n\n\n\n<p style=\"font-size:18px\">Die Server-Logfiles werden f\u00fcr sieben<a> <\/a>Tage gespeichert und anschlie\u00dfend gel\u00f6scht.<\/p>\n\n\n\n<p style=\"font-size:18px\">Diese Daten werden ausschlie\u00dflich zur Gew\u00e4hrleistung eines st\u00f6rungsfreien Betriebs der Website, zur Verbesserung unseres Angebots sowie zur Gew\u00e4hrleistung der IT-Sicherheit ausgewertet. Eine Zusammenf\u00fchrung dieser Daten mit anderen Datenquellen erfolgt nicht.<\/p>\n\n\n\n<p style=\"font-size:18px\"><strong>Rechtsgrundlage:<\/strong> Art. 6 Abs. 1 lit. f DSGVO (berechtigtes Interesse an einem sicheren und funktionsf\u00e4higen Betrieb der Website)<\/p>\n<\/div><\/div>\n\n\n\n<div class=\"wp-block-columns is-layout-flex wp-container-core-columns-is-layout-9d6595d7 wp-block-columns-is-layout-flex\">\n<div class=\"wp-block-column is-layout-flow wp-block-column-is-layout-flow\" style=\"flex-basis:10%\"><\/div>\n\n\n\n<div class=\"wp-block-column is-layout-flow wp-block-column-is-layout-flow\" style=\"flex-basis:90%\">\n<p class=\"has-text-align-left has-medium-font-size\"><strong><strong>4.2 Welche Daten verarbeiten wir, wenn Sie mit uns Kontakt aufnehmen?<\/strong> <\/strong><\/p>\n<\/div>\n<\/div>\n\n\n\n<div class=\"wp-block-group\"><div class=\"wp-block-group__inner-container is-layout-constrained wp-block-group-is-layout-constrained\">\n<p style=\"font-size:18px\">Wenn Sie uns per E-Mail oder \u00fcber ein Kontaktformular kontaktieren, verarbeiten wir die von Ihnen angegebenen Daten, wie z. B. Ihren Namen, Ihre E-Mail-Adresse und den Inhalt Ihrer Nachricht. Diese Daten werden ausschlie\u00dflich zur Bearbeitung Ihrer Anfrage und zur Kommunikation verwendet. Eine Weitergabe an Dritte erfolgt nicht.<\/p>\n\n\n\n<p style=\"font-size:18px\"><strong>Rechtsgrundlage:<\/strong> Art. 6 Abs. 1 lit. a DSGVO (Einwilligung) oder Art. 6 Abs. 1 lit. f DSGVO (berechtigtes Interesse an der Bearbeitung von Anfragen)<\/p>\n<\/div><\/div>\n\n\n\n<div class=\"wp-block-columns is-layout-flex wp-container-core-columns-is-layout-9d6595d7 wp-block-columns-is-layout-flex\">\n<div class=\"wp-block-column is-layout-flow wp-block-column-is-layout-flow\" style=\"flex-basis:10%\"><\/div>\n\n\n\n<div class=\"wp-block-column is-layout-flow wp-block-column-is-layout-flow\" style=\"flex-basis:90%\">\n<p class=\"has-text-align-left has-medium-font-size\"><strong><strong><strong>5. Cookies<\/strong><\/strong> <\/strong><\/p>\n<\/div>\n<\/div>\n\n\n\n<div class=\"wp-block-group\"><div class=\"wp-block-group__inner-container is-layout-constrained wp-block-group-is-layout-constrained\">\n<p style=\"font-size:18px\">Diese Website verwendet ausschlie\u00dflich technisch notwendige Cookies.<br>Cookies sind kleine Textdateien, die auf Ihrem Endger\u00e4t gespeichert werden und keine Sch\u00e4den verursachen. Die Cookies werden nach Ende der Sitzung gel\u00f6scht.<\/p>\n\n\n\n<p style=\"font-size:18px\">Sie k\u00f6nnen die Speicherung von Cookies durch entsprechende Einstellungen in Ihrem Browser verhindern. In diesem Fall kann es jedoch zu Funktionseinschr\u00e4nkungen dieser Website kommen.<\/p>\n\n\n\n<p style=\"font-size:18px\"><strong>Rechtsgrundlage:<\/strong> Art. 6 Abs. 1 lit. f DSGVO (berechtigtes Interesse an der technischen Funktionalit\u00e4t der Website<\/p>\n<\/div><\/div>\n\n\n\n<div class=\"wp-block-columns is-layout-flex wp-container-core-columns-is-layout-9d6595d7 wp-block-columns-is-layout-flex\">\n<div class=\"wp-block-column is-layout-flow wp-block-column-is-layout-flow\" style=\"flex-basis:10%\"><\/div>\n\n\n\n<div class=\"wp-block-column is-layout-flow wp-block-column-is-layout-flow\" style=\"flex-basis:90%\">\n<p class=\"has-text-align-left has-medium-font-size\"><strong>6. Zu welchem Zweck verarbeiten wir diese Daten<\/strong><\/p>\n<\/div>\n<\/div>\n\n\n\n<div class=\"wp-block-group\" style=\"font-size:18px\"><div class=\"wp-block-group__inner-container is-layout-constrained wp-block-group-is-layout-constrained\">\n<p style=\"font-size:18px\">Wir verarbeiten Ihre personenbezogenen Daten, um:<\/p>\n\n\n\n<ul style=\"font-size:18px\" class=\"wp-block-list\">\n<li>unsere Webseite bereitzustellen und technisch abzusichern,<\/li>\n\n\n\n<li>Anfragen zu beantworten und mit Ihnen zu kommunizieren,<\/li>\n\n\n\n<li>\u00fcber unser Forschungsprojekt zu informieren<\/li>\n<\/ul>\n<\/div><\/div>\n\n\n\n<div class=\"wp-block-columns is-layout-flex wp-container-core-columns-is-layout-9d6595d7 wp-block-columns-is-layout-flex\">\n<div class=\"wp-block-column is-layout-flow wp-block-column-is-layout-flow\" style=\"flex-basis:10%\"><\/div>\n\n\n\n<div class=\"wp-block-column is-layout-flow wp-block-column-is-layout-flow\" style=\"flex-basis:90%\">\n<p class=\"has-text-align-left has-medium-font-size\"><strong>7. Wie lange speichern wir Ihre Daten?<\/strong><\/p>\n<\/div>\n<\/div>\n\n\n\n<p style=\"font-size:18px\">Personenbezogene Daten werden h\u00f6chstens sieben Tage gespeichert, soweit dies f\u00fcr die jeweiligen Zwecke erforderlich ist und keine gesetzlichen Aufbewahrungspflichten bestehen.<\/p>\n\n\n\n<div class=\"wp-block-columns is-layout-flex wp-container-core-columns-is-layout-9d6595d7 wp-block-columns-is-layout-flex\">\n<div class=\"wp-block-column is-layout-flow wp-block-column-is-layout-flow\" style=\"flex-basis:10%\"><\/div>\n\n\n\n<div class=\"wp-block-column is-layout-flow wp-block-column-is-layout-flow\" style=\"flex-basis:90%\">\n<p class=\"has-text-align-left has-medium-font-size\"><strong>8. Wer erh\u00e4lt Ihre Daten?<\/strong><\/p>\n<\/div>\n<\/div>\n\n\n\n<ul style=\"font-size:18px\" class=\"wp-block-list\">\n<li style=\"font-size:18px\">die zust\u00e4ndigen Mitarbeitenden der Universit\u00e4t Duisburg-Essen<\/li>\n\n\n\n<li style=\"font-size:18px\">die Mitarbeitenden des Forschungsprojekts,<\/li>\n\n\n\n<li style=\"font-size:18px\">den Hosting-Dienstleister <strong>ALL-INKL.COM \u2013 Neue Medien M\u00fcnnich<\/strong>, der die Webseite im Auftrag der Universit\u00e4t betreibt. Mit dem Hosting-Dienstleister wurde ein Vertrag zur Auftragsverarbeitung gem\u00e4\u00df Art. 28 DSGVO abgeschlossen.<\/li>\n<\/ul>\n\n\n\n<div class=\"wp-block-columns is-layout-flex wp-container-core-columns-is-layout-9d6595d7 wp-block-columns-is-layout-flex\">\n<div class=\"wp-block-column is-layout-flow wp-block-column-is-layout-flow\" style=\"flex-basis:10%\"><\/div>\n\n\n\n<div class=\"wp-block-column is-layout-flow wp-block-column-is-layout-flow\" style=\"flex-basis:90%\">\n<p class=\"has-text-align-left has-medium-font-size\"><strong>9. Welche Rechte haben Sie in Bezug auf Ihre Daten?<\/strong><\/p>\n<\/div>\n<\/div>\n\n\n\n<p style=\"font-size:18px\">Sie haben das Recht:<\/p>\n\n\n\n<ul style=\"font-size:18px\" class=\"wp-block-list\">\n<li>Auskunft \u00fcber Ihre gespeicherten Daten zu erhalten (Art. 15 DSGVO),<\/li>\n\n\n\n<li>unrichtige Daten berichtigen zu lassen (Art. 16 DSGVO),<\/li>\n\n\n\n<li>die L\u00f6schung Ihrer Daten zu verlangen (Art. 17 DSGVO),<\/li>\n\n\n\n<li>zu verlangen, dass Ihre personenbezogenen Daten nur gespeichert und nicht weiterverarbeitet werden (Art. 18 DSGVO),<\/li>\n\n\n\n<li>Ihre Daten in einem \u00fcbertragbaren Format zu erhalten oder an einen anderen Anbieter \u00fcbertragen zu lassen (Recht auf Daten\u00fcbertragbarkeit, Art. 20 DSGVO),<\/li>\n\n\n\n<li>der Verarbeitung Ihrer Daten zu widersprechen (Art. 21 DSGVO),<\/li>\n\n\n\n<li>sich bei einer Datenschutzaufsichtsbeh\u00f6rde zu beschweren (Art. 77 DSGVO).\n<ul class=\"wp-block-list\">\n<li>insbesondere bei der f\u00fcr uns zust\u00e4ndigen Aufsichtsbeh\u00f6rde:<br>Landesbeauftragte f\u00fcr Datenschutz und Informationsfreiheit Nordrhein-Westfalen<br>Kavalleriestra\u00dfe 2\u20134<br>40213 D\u00fcsseldorf<\/li>\n<\/ul>\n<\/li>\n<\/ul>\n\n\n\n<div class=\"wp-block-columns is-layout-flex wp-container-core-columns-is-layout-9d6595d7 wp-block-columns-is-layout-flex\">\n<div class=\"wp-block-column is-layout-flow wp-block-column-is-layout-flow\" style=\"flex-basis:10%\"><\/div>\n\n\n\n<div class=\"wp-block-column is-layout-flow wp-block-column-is-layout-flow\" style=\"flex-basis:90%\">\n<p class=\"has-text-align-left has-medium-font-size\"><strong>10. Wie k\u00f6nnen Sie Ihre Rechte aus\u00fcben?<\/strong><\/p>\n<\/div>\n<\/div>\n\n\n\n<p style=\"font-size:18px\">Zur Aus\u00fcbung Ihrer Rechte wenden Sie sich bitte an den im Punkt 2 genannten Datenschutzbeauftragten der Universit\u00e4t Duisburg-Essen.<\/p>\n\n\n\n<div class=\"wp-block-columns is-layout-flex wp-container-core-columns-is-layout-9d6595d7 wp-block-columns-is-layout-flex\">\n<div class=\"wp-block-column is-layout-flow wp-block-column-is-layout-flow\" style=\"flex-basis:10%\"><\/div>\n\n\n\n<div class=\"wp-block-column is-layout-flow wp-block-column-is-layout-flow\" style=\"flex-basis:90%\">\n<p class=\"has-text-align-left has-medium-font-size\"><strong>11. \u00c4nderungen dieser Datenschutzerkl\u00e4run<\/strong>g<\/p>\n<\/div>\n<\/div>\n\n\n\n<p style=\"font-size:18px\">Wir behalten uns vor, diese Datenschutzerkl\u00e4rung anzupassen, wenn sich rechtliche oder inhaltliche \u00c4nderungen ergeben.<\/p>\n\n\n\n<ol class=\"wp-block-list\">\n<li><\/li>\n<\/ol>\n","protected":false},"excerpt":{"rendered":"<p>Datenschutzerkl\u00e4rung Wenn Sie unsere Webseite nutzen oder mit uns elektronisch kommunizieren, verarbeiten wir personenbezogene Daten von Ihnen. In dieser Datenschutzerkl\u00e4rung erkl\u00e4ren wir, welche Daten das sind, warum wir sie verarbeiten und in welchem Umfang dies geschieht. Inhaltsverzeichnis 1. Wer ist f\u00fcr die Datenverarbeitung verantwortlich? Campus Duisburg:Forsthausweg 247057 DuisburgTel.: +49 203 379-0Fax.: +49 203 379-3333 Campus [&hellip;]<\/p>\n","protected":false},"author":1,"featured_media":0,"parent":0,"menu_order":0,"comment_status":"closed","ping_status":"closed","template":"","meta":{"saved_in_kubio":false,"footnotes":""},"class_list":["post-930","page","type-page","status-publish","hentry"],"aioseo_notices":[],"kubio_ai_page_context":{"short_desc":"","purpose":"general"},"_links":{"self":[{"href":"https:\/\/privacy4all.de\/startseite\/wp-json\/wp\/v2\/pages\/930","targetHints":{"allow":["GET"]}}],"collection":[{"href":"https:\/\/privacy4all.de\/startseite\/wp-json\/wp\/v2\/pages"}],"about":[{"href":"https:\/\/privacy4all.de\/startseite\/wp-json\/wp\/v2\/types\/page"}],"author":[{"embeddable":true,"href":"https:\/\/privacy4all.de\/startseite\/wp-json\/wp\/v2\/users\/1"}],"replies":[{"embeddable":true,"href":"https:\/\/privacy4all.de\/startseite\/wp-json\/wp\/v2\/comments?post=930"}],"version-history":[{"count":10,"href":"https:\/\/privacy4all.de\/startseite\/wp-json\/wp\/v2\/pages\/930\/revisions"}],"predecessor-version":[{"id":974,"href":"https:\/\/privacy4all.de\/startseite\/wp-json\/wp\/v2\/pages\/930\/revisions\/974"}],"wp:attachment":[{"href":"https:\/\/privacy4all.de\/startseite\/wp-json\/wp\/v2\/media?parent=930"}],"curies":[{"name":"wp","href":"https:\/\/api.w.org\/{rel}","templated":true}]}}