{"id":83,"date":"2024-07-04T10:20:44","date_gmt":"2024-07-04T08:20:44","guid":{"rendered":"http:\/\/privacy4all.de\/?page_id=83"},"modified":"2024-12-13T14:29:37","modified_gmt":"2024-12-13T13:29:37","slug":"diversprivat","status":"publish","type":"page","link":"https:\/\/privacy4all.de\/startseite\/diversprivat\/","title":{"rendered":"DiversPrivat"},"content":{"rendered":"\n<p class=\"has-text-align-center\" style=\"font-size:27px;font-style:normal;font-weight:400\">DiversPrivat, das ist kurz f\u00fcr &#8222;Diversit\u00e4tsgerechter Privatheitsschutz in digitalen Umgebungen&#8220;. In diesem vom <a href=\"https:\/\/www.forschung-it-sicherheit-kommunikationssysteme.de\/projekte\/diversprivat\" data-type=\"link\" data-id=\"https:\/\/www.forschung-it-sicherheit-kommunikationssysteme.de\/projekte\/diversprivat\">BMBF<\/a> gef\u00f6rderten Projekt wollen wir uns aus ethischer, psychologischer und rechtlicher Perspektive mit dem Privatheitsschutz online besch\u00e4ftigen &#8211; insbesondere f\u00fcr die Personen, f\u00fcr welche ein solcher Schutz eine besondere Herausforderung darstellt.<\/p>\n\n\n\n\n\n\n\n<div class=\"wp-block-cover\"><span aria-hidden=\"true\" class=\"wp-block-cover__background has-background-dim\" style=\"background-color:#8c756f\"><\/span><img loading=\"lazy\" decoding=\"async\" width=\"1600\" height=\"1067\" class=\"wp-block-cover__image-background wp-image-125\" alt=\"person in red sweater holding babys hand\" src=\"http:\/\/privacy4all.de\/wp-content\/uploads\/2024\/06\/zyx1bk9mqma.jpg\" style=\"object-position:37% 63%\" data-object-fit=\"cover\" data-object-position=\"37% 63%\" srcset=\"https:\/\/privacy4all.de\/wp-content\/uploads\/2024\/06\/zyx1bk9mqma.jpg 1600w, https:\/\/privacy4all.de\/wp-content\/uploads\/2024\/06\/zyx1bk9mqma-300x200.jpg 300w, https:\/\/privacy4all.de\/wp-content\/uploads\/2024\/06\/zyx1bk9mqma-1024x683.jpg 1024w, https:\/\/privacy4all.de\/wp-content\/uploads\/2024\/06\/zyx1bk9mqma-768x512.jpg 768w, https:\/\/privacy4all.de\/wp-content\/uploads\/2024\/06\/zyx1bk9mqma-1536x1024.jpg 1536w\" sizes=\"(max-width: 1600px) 100vw, 1600px\" \/><div class=\"wp-block-cover__inner-container is-layout-constrained wp-block-cover-is-layout-constrained\">\n<p class=\"has-text-align-center has-kubio-color-5-color has-text-color has-link-color has-large-font-size wp-elements-d624a36d1717667d5dc53cf4d8b75e59\">Du willst Teil unserer Forschung werden?<\/p>\n\n\n\n<div class=\"wp-block-buttons is-content-justification-center is-layout-flex wp-container-core-buttons-is-layout-16018d1d wp-block-buttons-is-layout-flex\">\n<div class=\"wp-block-button\"><a class=\"wp-block-button__link has-kubio-color-6-color has-kubio-color-5-background-color has-text-color has-background has-link-color wp-element-button\" href=\"https:\/\/privacy4all.de\/startseite\/startseite\/mach-mit\/\">Mehr lesen<\/a><\/div>\n<\/div>\n<\/div><\/div>\n","protected":false},"excerpt":{"rendered":"<p>DiversPrivat, das ist kurz f\u00fcr &#8222;Diversit\u00e4tsgerechter Privatheitsschutz in digitalen Umgebungen&#8220;. In diesem vom BMBF gef\u00f6rderten Projekt wollen wir uns aus ethischer, psychologischer und rechtlicher Perspektive mit dem Privatheitsschutz online besch\u00e4ftigen &#8211; insbesondere f\u00fcr die Personen, f\u00fcr welche ein solcher Schutz eine besondere Herausforderung darstellt.<\/p>\n","protected":false},"author":1,"featured_media":0,"parent":0,"menu_order":0,"comment_status":"closed","ping_status":"closed","template":"","meta":{"saved_in_kubio":true,"footnotes":""},"class_list":["post-83","page","type-page","status-publish","hentry"],"aioseo_notices":[],"kubio_ai_page_context":{"short_desc":"","purpose":"general"},"_links":{"self":[{"href":"https:\/\/privacy4all.de\/startseite\/wp-json\/wp\/v2\/pages\/83","targetHints":{"allow":["GET"]}}],"collection":[{"href":"https:\/\/privacy4all.de\/startseite\/wp-json\/wp\/v2\/pages"}],"about":[{"href":"https:\/\/privacy4all.de\/startseite\/wp-json\/wp\/v2\/types\/page"}],"author":[{"embeddable":true,"href":"https:\/\/privacy4all.de\/startseite\/wp-json\/wp\/v2\/users\/1"}],"replies":[{"embeddable":true,"href":"https:\/\/privacy4all.de\/startseite\/wp-json\/wp\/v2\/comments?post=83"}],"version-history":[{"count":10,"href":"https:\/\/privacy4all.de\/startseite\/wp-json\/wp\/v2\/pages\/83\/revisions"}],"predecessor-version":[{"id":396,"href":"https:\/\/privacy4all.de\/startseite\/wp-json\/wp\/v2\/pages\/83\/revisions\/396"}],"wp:attachment":[{"href":"https:\/\/privacy4all.de\/startseite\/wp-json\/wp\/v2\/media?parent=83"}],"curies":[{"name":"wp","href":"https:\/\/api.w.org\/{rel}","templated":true}]}}