{"id":196,"date":"2024-07-04T10:21:57","date_gmt":"2024-07-04T08:21:57","guid":{"rendered":"http:\/\/privacy4all.de\/?page_id=196"},"modified":"2025-11-23T16:44:53","modified_gmt":"2025-11-23T15:44:53","slug":"aktuelle-arbeiten","status":"publish","type":"page","link":"https:\/\/privacy4all.de\/startseite\/aktuelle-arbeiten\/","title":{"rendered":"Aktuelle Arbeiten"},"content":{"rendered":"\n<h2 class=\"wp-block-heading has-text-color has-background has-link-color has-medium-font-size wp-elements-3da0660159030ad7b0e0da4347453f56\" style=\"color:#2d3973;background-color:#bac7ff\">Gemeinsame Arbeiten<\/h2>\n\n\n\n<p>Koch, H., Strathmann, C., Hennig, M., Schmied, L., Geminn, C. L., Heesen, J., Kr\u00e4mer, N., &amp; Reinhardt, K. (2025). Diversit\u00e4tsgerechter Privatheitsschutz in digitalen Umgebungen. In M. Friedewald, A. Ro\u00dfnagel, C. Geminn, &amp; M. Karaboga (Hrsg.), Freiheit in digitalen Infrastrukturen. Nomos Verlag. <a href=\"https:\/\/doi.org\/10.5771\/9783748953371-223\">https:\/\/doi.org\/10.5771\/9783748953371-223<\/a><\/p>\n\n\n\n<div class=\"wp-block-group\"><div class=\"wp-block-group__inner-container is-layout-constrained wp-block-group-is-layout-constrained\">\n<h2 class=\"wp-block-heading has-text-align-left has-text-color has-background has-link-color has-medium-font-size wp-elements-a81ab5f1ddd5051030583fbd11421070\" style=\"color:#003a51;background-color:#8ee1ff\"><strong>Teilprojekt Psychologie<\/strong><\/h2>\n<\/div><\/div>\n\n\n\n<p style=\"text-decoration:underline\"><strong>Publikationen<\/strong><\/p>\n\n\n\n<p>Strathmann, C., Ryan, G. F., Schramm, P., Steinhoff, L., &amp; Kr\u00e4mer, N. (2025). \u201cIt&#8217;s always about them wanting our data\u201d: Vulnerable groups&#8216; mental models of and attitudes toward vertical data flows [Preprint]. PsyArXiv. <a href=\"https:\/\/doi.org\/10.31234\/osf.io\/b\">https:\/\/doi.org\/10.31234\/osf.io\/b<\/a><\/p>\n\n\n\n<p>Strathmann, C. (2025). Privacy for All: Empowering Vulnerable Groups with Diversity-Oriented Online Protection. In Proceedings of the Extended Abstracts of the CHI Conference on Human Factors in Computing Systems (CHI EA &#8217;25). Association for Computing Machinery, New York, NY, USA, Article 840, 1\u20134.&nbsp;<a href=\"https:\/\/doi.org\/10.1145\/3706599.3707600\" target=\"_blank\" rel=\"noreferrer noopener\">https:\/\/doi.org\/10.1145\/3706599.3707600<\/a><\/p>\n\n\n\n<p style=\"text-decoration:underline\"><strong>Vortr\u00e4ge<\/strong><\/p>\n\n\n\n\n\n\n\n\n\n<p><a href=\"https:\/\/www.css.msm.uni-due.de\/news\/einzelansicht\/veranstaltung-datenfluesse-und-ihre-tuecken-datenkompetenz-als-schluessel-zur-online-sicherheit-17835\/\" target=\"_blank\" rel=\"noopener\" title=\"\">Strathmann, Clara: &#8222;Datenfl\u00fcsse und ihre T\u00fccken: Datenkompetenz als Schl\u00fcssel zur Online-Sicherheit&#8220;, Vortrag bei der Datenkompetenz-Vortragsreihe &#8222;Zahlen, Daten, Fritten&#8220; der Universit\u00e4t Duisburg-Essen, 21. November 2024, online (auf Einladung)<\/a><\/p>\n\n\n\n<p><a href=\"https:\/\/ifip-summerschool.github.io\/programme\/\" target=\"_blank\" rel=\"noopener\" title=\"\">Strathmann, Clara: &#8222;&#8218;They see that you like something, give you more of that and make more money&#8216; &#8211; A Focus Group Study on Vulnerable Groups&#8216; Understanding of Vertical Data Flows&#8220;, Vortrag bei der &#8222;19th IFIP Summer School on Privacy and Identity Management&#8220;, 10.-13. September 2024, Madrid, Spanien<\/a><\/p>\n\n\n\n<p><a href=\"https:\/\/www.cais-research.de\/wp-content\/uploads\/Programm_DigiMeet2023.pdf\" target=\"_blank\" rel=\"noopener\" title=\"\">Strathmann, Clara: &#8222;Diversity-Fair Privacy Protection in Digital Environments&#8220;, Vortrag beim DigiMeet, 28. November 2023, online<\/a><\/p>\n\n\n\n<p style=\"text-decoration:underline\"><strong>Poster<\/strong><\/p>\n\n\n\n<p><a href=\"https:\/\/programs.sigchi.org\/chi\/2025\/program\/content\/188639\">Strathmann, Clara: &#8222;Privacy for All \u2013 Empowering Vulnerable Groups With Diversity-Oriented Online Protection&#8220;, Poster bei der &#8222;Association for Computing Machinery (ACM) CHI conference on Human Factors in Computing Systems&#8220;, 26. April \u2013 01. May 2025, Yokohama, Japan.<\/a><\/p>\n\n\n\n<h2 class=\"wp-block-heading has-text-color has-background has-link-color has-medium-font-size wp-elements-407c78b9dd8d60f5460545c3902d36ba\" style=\"color:#104300;background-color:#b9ffa4\"><strong>Teilprojekt Rechtswissenschaft<\/strong><\/h2>\n\n\n\n<p style=\"text-decoration:underline\"><strong>Publikationen<\/strong><\/p>\n\n\n\n<p><a href=\"https:\/\/www.nomos-shop.de\/de\/p\/europaeisches-datenrecht-978-3-8487-7404-3\" title=\"\">Geminn, Christian \/ Johannes, Paul C. (Hrsg.): \u201eEurop\u00e4isches Datenrecht\u201c, Praxishandbuch, Baden-Baden: Nomos\/Helbing Lichtenhahn, i.E.<\/a><\/p>\n\n\n\n<p><a href=\"https:\/\/www.nomos-shop.de\/de\/p\/data-sharing-datenkapitalismus-by-default-gr-978-3-7560-1266-4\" title=\"\">Friedewald, Michael \/ Ro\u00dfnagel, Alexander \/ Geminn, Christian \/ Karaboga, Murat \/ Schindler, Stephan (Hrsg.): \u201eData Sharing \u2013 Datenkapitalismus by Default?\u201c, Reihe Privatheit und Selbstbestimmung in der digitalen Welt, Baden-Baden: Nomos, 2024, i.E.<\/a> <\/p>\n\n\n\n<p><a href=\"https:\/\/publica.fraunhofer.de\/entities\/publication\/2c5d0b88-aa7b-4c7a-a4bc-ac597b27a4d3\" title=\"\">Ro\u00dfnagel, Alexander \/ Geminn, Christian: \u201eMoving Data Protection Forward \u2013 Proposals for Amending the General Data Protection Regulation\u201c, Policy Paper, Research Papers of the Platform Privacy, No. 2, Karlsruhe: Fraunhofer ISI, 2024, 27 S.<\/a> <\/p>\n\n\n\n<p><a href=\"https:\/\/www.mohrsiebeck.com\/buch\/deus-ex-machina-9783161620379\/\" title=\"\">Geminn, Christian: \u201eDeus ex machina? \u2013 Grundrechte und Digitalisierung\u201c, Jus Publicum \u2013 Beitr\u00e4ge zum \u00d6ffentlichen Recht Bd. 316, T\u00fcbingen: Mohr Siebeck, 2023, XVIII\/714 S.<\/a><\/p>\n\n\n\n<p style=\"text-decoration:underline\"><strong>Vortr\u00e4ge<\/strong><\/p>\n\n\n\n<p>Geminn, Christian: \u201eDigital Administration in Germany\u201c an der Universit\u00e4t Kyoto auf Einladung von Prof. Dr. Masahiro Sogabe am 05.03.2024, Kyoto, Graduate School of Law.<\/p>\n\n\n\n<p>Geminn, Christian: \u201eLaw and technology \u2013 and their perspectives on the people they serve\u201c am 20.07.2023 in Edinburgh, Edinburgh School of Law, Moot Court.<\/p>\n\n\n\n<p>Geminn, Christian: \u201eData Governance in Germany\u201c auf dem Panel \u201eMozilla\u2019s Legal Guide for Builders. Experimenting with Data Governance \u2013 What We Learned\u201c des Mozilla Festival (MozFest 2023), 22.03.2023 (digitaler Vortrag).<\/p>\n\n\n\n<h2 class=\"wp-block-heading has-text-color has-background has-link-color has-medium-font-size wp-elements-5e80db661729886e979aef948fb0b58c\" style=\"color:#3c2000;background-color:#ffb54d\"><strong>Teilprojekt Angewandte Ethik<\/strong> <\/h2>\n\n\n\n<p style=\"text-decoration:underline\"><strong>Publikationen<\/strong><\/p>\n\n\n\n<p><a href=\"https:\/\/frommann-holzboog-ebooks.ciando.com\/ebook\/bid-4113407-zum-verhaeltnis-von-angewandter-und-allgemeiner-ethik-allgemeine-zeitschrift-fuer-philosophie-das-allgemeine-in-der-philosophie-50-jahre-azp-heft-50-2-2025.html\">Reinhardt, Karoline (2025): Zum Verh\u00e4ltnis von Angewandter und Allgemeiner Ethik, in: Allgemeine Zeitschrift f\u00fcr Philosophie 50 (2), 2025, S.157-174.<\/a><\/p>\n\n\n\n<p>Reinhardt, K.\/J\u00f6rg Noller: Handbuch Philosophie der Digitalit\u00e4t, hrsg. mit J\u00f6rg Noller, Berlin\/Heidelberg: J.S. Metzler, 2025.&nbsp;<a href=\"https:\/\/doi.org\/10.1007\/978-3-662-70086-0\" target=\"_blank\" rel=\"noreferrer noopener\">https:\/\/doi.org\/10.1007\/978-3-662-70086-0<\/a><\/p>\n\n\n\n<p>Reinhardt, Karoline\/Buchholz, Oliver (2025): XAI: On Explainability and the Obligation to Explain, in: Digital Society 4, 69, <a href=\"https:\/\/doi.org\/10.1007\/s44206-025-00215-5.\">https:\/\/doi.org\/10.1007\/s44206-025-00215-5.<\/a><\/p>\n\n\n\n<p>Buchholz, Oliver\/Reinhardt, Karoline (2025): Epistemology and Politics of AI, in: Regina M\u00fcller\/Martin H\u00e4hnel (Hrsg.): A Companion to Applied Philosophy of AI, Wiley, 2025, 104-117. <a href=\"https:\/\/doi.org\/10.1002\/9781394238651.ch8\">https:\/\/doi.org\/10.1002\/9781394238651.ch8<\/a><\/p>\n\n\n\n<p>Reinhardt, Karoline (2025): Trust in AI, in: Regina M\u00fcller\/Martin H\u00e4hnel (Hrsg.): A Companion to Applied Philosophy of AI, Wiley, 265-277. <a href=\"https:\/\/doi.org\/10.1002\/9781394238651.ch19\">https:\/\/doi.org\/10.1002\/9781394238651.ch19<\/a><\/p>\n\n\n\n<p>Reinhardt, Karoline (2025): Politische Philosophie, in: J\u00f6rg Noller\/Karoline Reinhardt (Hrsg.): Handbuch Philosophie der Digitalit\u00e4t, Berlin\/Heidelberg: J.S. Metzler, 2025. <a href=\"https:\/\/doi.org\/10.1007\/978-3-662-70086-0_13-1\">https:\/\/doi.org\/10.1007\/978-3-662-70086-0_13-1<\/a><\/p>\n\n\n\n<p>Reinhardt, Karoline (2025): Ethik, in: J\u00f6rg Noller\/Karoline Reinhardt (Hrsg.): Handbuch Philosophie der Digitalit\u00e4t, Berlin\/Heidelberg: J.S. Metzler. <a href=\"https:\/\/doi.org\/10.1007\/978-3-662-70086-0_12-1\">https:\/\/doi.org\/10.1007\/978-3-662-70086-0_12-1<\/a><\/p>\n\n\n\n<p><a title=\"\" href=\"https:\/\/doi.org\/10.18716\/pd.v1i1.2416\" target=\"_blank\" rel=\"noopener\">Reinhardt, Karoline (2024) When is algorithmic discrimination wrong?, in: Philosophy &amp; Digitality 1 (1), S. 1-24.<\/a><\/p>\n\n\n\n<p><a title=\"\" href=\"http:\/\/florianarnold.net\/2024\/09\/02\/digitalitaet-von-a-bis-z\/\" target=\"_blank\" rel=\"noopener\">Reinhardt, Karoline (2024): Vertrauen, in: Florian Arnold et al.: Digitalit\u00e4t. Ein Alphabet, Bielefeld: transcript, S. 347-356.<\/a><\/p>\n\n\n\n<p><a title=\"\" href=\"https:\/\/kath-akademie-bayern.de\/mediathek\/zur-debatte\/\" target=\"_blank\" rel=\"noopener\">Reinhardt, Karoline (2024): Sprachmodelle, Wahrhaftigkeit und die soziale Natur des Wissens: K\u00fcnstliche Intelligenz in einer demokratischen Gesellschaft, in: _zur debatte_, S. 52-56.<\/a><\/p>\n\n\n\n<p><a title=\"\" href=\"https:\/\/doi.org\/10.22613\/zfpp\/11.1.13\" target=\"_blank\" rel=\"noopener\">Reinhardt, Karoline\/Sinn, Johanna (2024) Neue Vertrauensfragen? Digitalisierung und K\u00fcnstliche Intelligenz, in: Zeitschrift f\u00fcr Praktische Philosophie 11 (1), S. 325-342.<\/a><\/p>\n\n\n\n<p><a title=\"\" href=\"https:\/\/doi.org\/10.22613\/zfpp\/11.1.13\" target=\"_blank\" rel=\"noopener\">Reinhardt, Karoline\/Sinn, Johanna (2024, Hrsg): Special Issue \u201eVertrauensfragen: Digitalisierung und K\u00fcnstliche Intelligenz\u201c, in: Zeitschrift f\u00fcr Praktische Philosophie 11 (1), 2024.<\/a><\/p>\n\n\n\n<p style=\"text-decoration:underline\"><strong>Vortr\u00e4ge<\/strong><\/p>\n\n\n\n<p><a href=\"https:\/\/www.plus.ac.at\/datenschutz-und-informationsfreiheit\/ringvorlesung\/#:~:text=Die%20%C3%B6ffentliche%20Ringvorlesung%20%E2%80%9EPrivatsph%C3%A4re%20in%20der%20digitalen%20Welt%E2%80%9C,aus%20unterschiedlichen%20Fachrichtungen%20%C3%BCber%20ihre%20aktuelle%20Forschung%20vor.\">Reinhardt, Karoline:<\/a> <a href=\"https:\/\/www.plus.ac.at\/datenschutz-und-informationsfreiheit\/ringvorlesung\/#:~:text=Die%20%C3%B6ffentliche%20Ringvorlesung%20%E2%80%9EPrivatsph%C3%A4re%20in%20der%20digitalen%20Welt%E2%80%9C,aus%20unterschiedlichen%20Fachrichtungen%20%C3%BCber%20ihre%20aktuelle%20Forschung%20vor.\">\u201ePrivacy and Diversity: Diversit\u00e4tsgerechter Privatheitsschutz in digitalen Umgebungen&#8220;, Vortrag im Rahmen der Ringvorlesung \u201ePrivatsph\u00e4re in der digitalen Welt&#8220; am 4. Juni 2025, Paris-Lodron-Universit\u00e4t Salzburg<\/a><\/p>\n\n\n\n<p><a href=\"https:\/\/www.geku.uni-passau.de\/angewandte-ethik\/aktuelles\/meldung\/dfg-netzwerktreffen-philosophie-der-digitalitaet-erkennen-und-handeln-in-mensch-maschine-interaktion\">Reinhardt, Karoline: \u201eEine Frage des Vertrauens? Ethische Perspektiven auf K\u00fcnstliche Intelligenz&#8220;, Vortrag beim DFG-Netzwerktreffen \u201ePhilosophie der Digitalit\u00e4t&#8220; am 27.\/28. M\u00e4rz 2025, Universit\u00e4t Passau<\/a><\/p>\n\n\n\n<p>Reinhardt, Karoline: \u201eEine Frage des Vertrauens? Ethische Perspektiven auf K\u00fcnstliche Intelligenz&#8220;, Vortrag am 15. Januar 2025, Deutsches Museum, M\u00fcnchen<\/p>\n\n\n\n<p><a title=\"\" href=\"https:\/\/www.kant2024.uni-bonn.de\/de\/programm\/programm\" target=\"_blank\" rel=\"noopener\">Reinhardt, Karoline: \u201eWhen is Algorithmic Discrimination wrong? A Kantian Perspective\u201c, Vortrag auf dem \u201e14th International Kant Congress\u201c, 8.-13. September 2024, Universit\u00e4t Bonn<\/a><\/p>\n\n\n\n<p><a title=\"\" href=\"https:\/\/www.geku.uni-passau.de\/angewandte-ethik\/aktuelles\/meldung\/privacy-consent-und-diversity\" target=\"_blank\" rel=\"noopener\">Reinhardt, Karoline: \u201ePrivacy, Consent, and Diversity\u201c, Philosophical Perspectives on Privacy, 3. Mai 2024, LMU (auf Einladung)<\/a><\/p>\n\n\n\n<p><a title=\"\" href=\"https:\/\/www.uni-regensburg.de\/philosophie-kunst-geschichte-gesellschaft\/geschichte-der-philosophie\/konferenzen\/duties-of-civility-maerz-2024\/index.html\" target=\"_blank\" rel=\"noopener\">Reinhardt, Karoline: \u201eConceptual Resources of Rawls\u2019s Political Philosophy for the Digital Age\u201c, Vortrag auf der internationalen Konferenz \u201eDuties of Civility? Rawls\u2019s Theory of Deliberative Democracy and its Relevance in the Digital Age\u201c, 11.-13. M\u00e4rz 2024, Universit\u00e4t Regensburg (auf Einladung)<\/a><\/p>\n\n\n\n<p><a title=\"\" href=\"https:\/\/kath-akademie-bayern.de\/veranstaltung\/kuenstliche-intelligenz\/\" target=\"_blank\" rel=\"noopener\">Reinhardt, Karoline: \u201eKI in einer demokratischen Gesellschaft\u201c, Vortrag am 6.10.2023, Philosophische Tage zum Thema \u201eK\u00fcnstliche Intelligenz\u201c, Katholische Akademie in Bayern, M\u00fcnchen (auf Einladung)<\/a><\/p>\n\n\n\n<p><a title=\"\" href=\"https:\/\/www.uni-passau.de\/veranstaltungskalender\/detail\/event\/intelligenz-um-jeden-preis-ethische-probleme-von-stochastischen-sprachmodellen\" target=\"_blank\" rel=\"noopener\">Reinhardt, Karoline: \u201eMoral f\u00fcr Sprachmodelle? Ethische Probleme aktueller KI-Forschung\u201c, Vortrag am 15. Juni 2023 im Rahmen der Ringvorlesung \u201eChatGPT, Bard, und Co: Generative Sprachmodelle in Gesellschaft und Wissenschaft\u201c, Universit\u00e4t Passau (auf Einladung)<\/a><\/p>\n\n\n\n<p><a title=\"\" href=\"https:\/\/www.plus.ac.at\/news\/tagung-menschenrechte-und-digitalisierung\/?is_paged=1\" target=\"_blank\" rel=\"noopener\">Reinhardt, Karoline: \u201eAlgorithmische Diskriminierung\u201c, Vortrag am 2. Juni 2023 auf der Tagung \u201eDigitalisierung und Menschenrechte\u201c, Universit\u00e4t Salzburg (auf Einladung)<\/a><\/p>\n\n\n\n<h2 class=\"wp-block-heading has-text-color has-background has-link-color has-medium-font-size wp-elements-b79b6c095c748da0c11cfd3df315fb4f\" style=\"color:#2d005a;background-color:#e8cdff\"><strong>Teilprojekt Medienethik &amp; Medienkommunikationswissenschaft<\/strong><\/h2>\n\n\n\n<p style=\"text-decoration:underline\"><strong>Publikationen<\/strong><\/p>\n\n\n\n<p>Stapf, Ingrid\/Heesen, Jessica, Ethical guidelines for doing research with children in sensitive subject areas. In: Pranee Liamputtong (ed.): Handbook of Sensitive Research in the Social Sciences.&nbsp;Edward Elgar Publishing 2025 (in print).<\/p>\n\n\n\n<p><a href=\"https:\/\/link.springer.com\/book\/10.1007\/978-3-531-18824-9\" target=\"_blank\" rel=\"noopener\" title=\"\">Thoma\u00df, Barbara\/Bentele, G\u00fcnter\/Borchers, Nils S.\/Dernbach, Beatrice\/Heesen, Jessica: Ethik der \u00f6ffentlichen Kommunikation. Eine kommunikationswissenschaftliche Einf\u00fchrung, Springer VS: Wiesbaden 2024,&nbsp;https:\/\/link.springer.com\/book\/9783531144160<\/a>; <a href=\"darin: Heesen, Jessica, Ethik in der \u00f6ffentlichen digitalen Kommunikation. 227 \u2013 261,&nbsp;https:\/\/doi.org\/10.1007\/978-3-531-18824-9_6\" target=\"_blank\" rel=\"noopener\" title=\"\">darin: Heesen, Jessica, Ethik in der \u00f6ffentlichen digitalen Kommunikation. 227 \u2013 261,&nbsp;https:\/\/doi.org\/10.1007\/978-3-531-18824-9_6<\/a><\/p>\n\n\n\n<p><a href=\"https:\/\/shop.proverbis.at\/edition-mezzogiorno\/66-jahrbuch-fuer-politische-beratung-2023-24.html\" target=\"_blank\" rel=\"noopener\" title=\"\">Heesen, Jessica, Ethische Herausforderungen K\u00fcnstlicher Intelligenz. In: Thomas Walter K\u00f6hler\/Christian Mertens (Hg.): Jahrbuch f\u00fcr politische Beratung 2023\/2024. Zeit und Geist in Mitteleuropa, edition mezzogiorno: Wien 2024, 169 \u2013 178.<\/a> <\/p>\n\n\n\n<p><a href=\"https:\/\/link.springer.com\/book\/10.1007\/978-3-658-45503-3\" target=\"_blank\" rel=\"noopener\" title=\"Herausgabe: Corona und mediale \u00d6ffentlichkeiten. Springer 2024. https:\/\/link.springer.com\/book\/10.1007\/978-3-658-45503-3\n&quot;Gaming&quot;. In: Grimm, Petra\/Trost, Kai Erik\/Z\u00f6llner, Oliver (Hg.): Digitale Ethik. Nomos 2024.\">Herausgabe: Corona und mediale \u00d6ffentlichkeiten. Springer 2024. https:\/\/link.springer.com\/book\/10.1007\/978-3-658-45503-3<br>&#8222;Gaming&#8220;. In: Grimm, Petra\/Trost, Kai Erik\/Z\u00f6llner, Oliver (Hg.): Digitale Ethik. Nomos 2024.<\/a> <\/p>\n\n\n\n<p><a href=\"https:\/\/www.halem-verlag.de\/produkt\/handbuch-daten-und-ki-im-journalismus\/\" target=\"_blank\" rel=\"noopener\" title=\"\">Heesen, Jessica, Ethik des datenbasierten Journalismus. In: Christina Elmer\/Lorenz Matzat (Hg.): Handbuch Daten und KI im Journalismus. Herbert von Halem Verlag 2024, 216 \u2013 231.<\/a> <\/p>\n\n\n\n<p><a href=\"https:\/\/www.nomos-shop.de\/de\/p\/gr-978-3-7560-1120-9\" target=\"_blank\" rel=\"noopener\" title=\"\">Heesen, Jessica,&nbsp; Freiheit. In: Petra Grimm\/Kai Erik Trost\/Oliver Z\u00f6llner (Hg.): Digitale Ethik. Nomos: Baden-Baden 2024, 163 \u2013 174,&nbsp;https:\/\/www.nomos-shop.de\/de\/p\/gr-978-3-7560-1120-9<\/a><\/p>\n\n\n\n<p><a href=\"https:\/\/doi.org\/10.5771\/9783748943815\" target=\"_blank\" rel=\"noopener\" title=\"\">Decker, Michael\/Heesen, Jessica\/Rosen, Margit, Technikfolgenabsch\u00e4tzung im Museum. Die Digiloglounge im ZKM \/ Zentrum f\u00fcr Kunst und Medien Karlsruhe. In: Elisabeth Ehrensperger u.a. (Hg.): Gestreamt, gelikt, fl\u00fcchtig \u2013 sch\u00f6ne neue Kulturwelt? Digitalisierung und Kultur im Licht der Technikfolgenabsch\u00e4tzung (Reihe: Gesellschaft \u2013 Technik \u2013 Umwelt, Band 25), Nomos: Baden-Baden 2024, 87 \u2013 100,&nbsp;https:\/\/doi.org\/10.5771\/9783748943815.<\/a><\/p>\n\n\n\n<p><a title=\"\" href=\"https:\/\/mediarep.org\/entities\/misc\/5a35a477-e757-41ac-b743-bfe867465f8d\" target=\"_blank\" rel=\"noopener\">&#8222;Erz\u00e4hlen als Z\u00e4sur: Zur Rolle von Grenzen in Digitalisierungsnarrativen&#8220;. In: Unterhuber, Tobias\/Rose, Dirk (Hg.): Digitalisierung. Erz\u00e4hlen von einer Z\u00e4sur. wbg Academic 2024.<\/a><\/p>\n\n\n\n<p style=\"text-decoration:underline\"><strong>Vortr\u00e4ge<\/strong><\/p>\n\n\n\n<p><a href=\"https:\/\/www.caseware.net\/cwx-germany\/\">Hennig, Martin: &#8222;Trust in AI: Wie Regulierung und Zertifizierung Vertrauen schaffen.&#8220; Keynote bei der CwX Germany 2025 (online).<\/a><\/p>\n\n\n\n<p>Hennig, Martin: &#8222;Ethik und Digitalisierung \u2013 Blickpunkt KI.&#8220; Keynote bei der School of Education FACE (Albert\u2013Ludwigs\u2013Universit\u00e4t Freiburg).<\/p>\n\n\n\n<p>Hennig, Martin: &#8222;Ethik der KI \u2013 Wissen und Verantwortung in digitalen Kulturen.&#8220; Akademie f\u00fcr politische Bildung (Tutzing).<\/p>\n\n\n\n<p style=\"text-decoration:underline\"><strong>Workshop<\/strong><\/p>\n\n\n\n<p><a title=\"\" href=\"https:\/\/wissenschaft-im-dialog.de\/forum-wissenschaftskommunikation\/programm\/#buergerinnenraete-als-deliberations-kommunikations-und-politikberatungsformate4\" target=\"_blank\" rel=\"noopener\">Hennig, <\/a><a title=\"\" href=\"https:\/\/wissenschaft-im-dialog.de\/forum-wissenschaftskommunikation\/programm\/#buergerinnenraete-als-deliberations-kommunikations-und-politikberatungsformate4\" target=\"_blank\" rel=\"noopener\">Martin <\/a>: Round Table: &#8222;Vulnerable Gruppen in der Wissenschaftskommunikation&#8220;. Teil des World Caf\u00e9s &#8222;B\u00fcrger*innenr\u00e4te als Deliberations-, Kommunikations- und Politikberatungsformate&#8220; beim Forum Wissenschaftskommunikation, Dezember 2024 (Berlin)<\/p>\n","protected":false},"excerpt":{"rendered":"<p>Gemeinsame Arbeiten Koch, H., Strathmann, C., Hennig, M., Schmied, L., Geminn, C. L., Heesen, J., Kr\u00e4mer, N., &amp; Reinhardt, K. (2025). Diversit\u00e4tsgerechter Privatheitsschutz in digitalen Umgebungen. In M. Friedewald, A. Ro\u00dfnagel, C. Geminn, &amp; M. Karaboga (Hrsg.), Freiheit in digitalen Infrastrukturen. Nomos Verlag. https:\/\/doi.org\/10.5771\/9783748953371-223 Teilprojekt Psychologie Publikationen Strathmann, C., Ryan, G. F., Schramm, P., Steinhoff, [&hellip;]<\/p>\n","protected":false},"author":1,"featured_media":0,"parent":0,"menu_order":0,"comment_status":"closed","ping_status":"closed","template":"","meta":{"saved_in_kubio":true,"footnotes":""},"class_list":["post-196","page","type-page","status-publish","hentry"],"aioseo_notices":[],"kubio_ai_page_context":{"short_desc":"","purpose":"general"},"_links":{"self":[{"href":"https:\/\/privacy4all.de\/startseite\/wp-json\/wp\/v2\/pages\/196","targetHints":{"allow":["GET"]}}],"collection":[{"href":"https:\/\/privacy4all.de\/startseite\/wp-json\/wp\/v2\/pages"}],"about":[{"href":"https:\/\/privacy4all.de\/startseite\/wp-json\/wp\/v2\/types\/page"}],"author":[{"embeddable":true,"href":"https:\/\/privacy4all.de\/startseite\/wp-json\/wp\/v2\/users\/1"}],"replies":[{"embeddable":true,"href":"https:\/\/privacy4all.de\/startseite\/wp-json\/wp\/v2\/comments?post=196"}],"version-history":[{"count":11,"href":"https:\/\/privacy4all.de\/startseite\/wp-json\/wp\/v2\/pages\/196\/revisions"}],"predecessor-version":[{"id":485,"href":"https:\/\/privacy4all.de\/startseite\/wp-json\/wp\/v2\/pages\/196\/revisions\/485"}],"wp:attachment":[{"href":"https:\/\/privacy4all.de\/startseite\/wp-json\/wp\/v2\/media?parent=196"}],"curies":[{"name":"wp","href":"https:\/\/api.w.org\/{rel}","templated":true}]}}