{"id":164,"date":"2024-07-04T10:21:40","date_gmt":"2024-07-04T08:21:40","guid":{"rendered":"http:\/\/privacy4all.de\/?page_id=164"},"modified":"2024-07-15T15:48:18","modified_gmt":"2024-07-15T13:48:18","slug":"mach-mit","status":"publish","type":"page","link":"https:\/\/privacy4all.de\/startseite\/mach-mit\/","title":{"rendered":"Mach mit!"},"content":{"rendered":"\n<div class=\"wp-block-group alignfull has-background\" style=\"background-color:#ff9c55\"><div class=\"wp-block-group__inner-container is-layout-constrained wp-block-group-is-layout-constrained\">\n<div class=\"wp-block-columns alignwide has-background is-layout-flex wp-container-core-columns-is-layout-ff2c3ffd wp-block-columns-is-layout-flex\" style=\"background-color:#ffb54d;margin-bottom:var(--wp--preset--spacing--70)\">\n<div class=\"wp-block-column is-layout-flow wp-block-column-is-layout-flow\"><div class=\"wp-block-image\">\n<figure class=\"aligncenter size-large is-resized\"><img loading=\"lazy\" decoding=\"async\" width=\"1024\" height=\"819\" src=\"http:\/\/privacy4all.de\/wp-content\/uploads\/2024\/06\/rvf2r_qmprk-1024x819.jpg\" alt=\"a group of people reaching out their hands\" class=\"wp-image-167\" style=\"width:517px;height:auto\" srcset=\"https:\/\/privacy4all.de\/wp-content\/uploads\/2024\/06\/rvf2r_qmprk-1024x819.jpg 1024w, https:\/\/privacy4all.de\/wp-content\/uploads\/2024\/06\/rvf2r_qmprk-300x240.jpg 300w, https:\/\/privacy4all.de\/wp-content\/uploads\/2024\/06\/rvf2r_qmprk-768x614.jpg 768w, https:\/\/privacy4all.de\/wp-content\/uploads\/2024\/06\/rvf2r_qmprk-1350x1080.jpg 1350w, https:\/\/privacy4all.de\/wp-content\/uploads\/2024\/06\/rvf2r_qmprk.jpg 1500w\" sizes=\"(max-width: 1024px) 100vw, 1024px\" \/><\/figure>\n<\/div><\/div>\n\n\n\n<div class=\"wp-block-column is-vertically-aligned-center is-layout-flow wp-block-column-is-layout-flow\">\n<h2 class=\"wp-block-heading has-large-font-size\">Du hast Lust, mehr \u00fcber deine Privatsph\u00e4re online zu lernen?<\/h2>\n\n\n\n<p class=\"has-primary-color has-text-color has-link-color has-medium-font-size wp-elements-1a4105eb774e06087684078e47f64e01\">Privatsph\u00e4re online betrifft uns alle. Ganz egal, ob wir auf Instagram scrollen, mit Google Maps navigieren oder mit unserer Lieblingssuchmaschine nach leckeren Rezepten suchen &#8211; Jeder Klick hinterl\u00e4sst Spuren im Internet, die quasi unsichtbar sind. Und weil diese so schwer zu sehen sind, ist es umso wichtiger zu verstehen, was mit unseren Daten passiert und wie wir uns und andere vor Sch\u00e4den sch\u00fctzen k\u00f6nnen.<\/p>\n<\/div>\n<\/div>\n<\/div><\/div>\n\n\n\n<div class=\"wp-block-group\" style=\"margin-bottom:var(--wp--preset--spacing--70)\"><div class=\"wp-block-group__inner-container is-layout-constrained wp-block-group-is-layout-constrained\">\n<h2 class=\"wp-block-heading has-text-align-center has-large-font-size\">Wir suchen nach interessierten Teilnehmern und Teilnehmerinnen!<\/h2>\n\n\n\n<p class=\"has-text-align-center has-medium-font-size\">Du m\u00f6chtest dabei sein? Dann trage dich ein und sage uns, woran du Interesse hast, und wir kontaktieren dich sobald wie m\u00f6glich!<\/p>\n<\/div><\/div>\n\n\n\n<div class=\"wp-block-cover is-repeated\"><span aria-hidden=\"true\" class=\"wp-block-cover__background has-background-dim\"><\/span><div role=\"img\" aria-label=\"brown rotary dial telephone in gray painted room\" class=\"wp-block-cover__image-background wp-image-169 is-repeated\" style=\"background-position:53% 100%;background-image:url(http:\/\/privacy4all.de\/wp-content\/uploads\/2024\/06\/goholcavtrs-1024x726.jpg)\"><\/div><div class=\"wp-block-cover__inner-container is-layout-flow wp-block-cover-is-layout-flow\">\n<div class=\"wp-block-buttons is-content-justification-center is-layout-flex wp-container-core-buttons-is-layout-16018d1d wp-block-buttons-is-layout-flex\">\n<div class=\"wp-block-button\"><a class=\"wp-block-button__link has-text-color has-background has-link-color wp-element-button\" href=\"https:\/\/privacy4all.de\/startseite\/startseite\/kontakt\/\" style=\"color:#000000;background-color:#cbffb7\">Kontaktiere uns<\/a><\/div>\n<\/div>\n<\/div><\/div>\n","protected":false},"excerpt":{"rendered":"<p>Du hast Lust, mehr \u00fcber deine Privatsph\u00e4re online zu lernen? Privatsph\u00e4re online betrifft uns alle. Ganz egal, ob wir auf Instagram scrollen, mit Google Maps navigieren oder mit unserer Lieblingssuchmaschine nach leckeren Rezepten suchen &#8211; Jeder Klick hinterl\u00e4sst Spuren im Internet, die quasi unsichtbar sind. Und weil diese so schwer zu sehen sind, ist es [&hellip;]<\/p>\n","protected":false},"author":1,"featured_media":0,"parent":0,"menu_order":0,"comment_status":"closed","ping_status":"closed","template":"","meta":{"saved_in_kubio":true,"footnotes":""},"class_list":["post-164","page","type-page","status-publish","hentry"],"aioseo_notices":[],"kubio_ai_page_context":{"short_desc":"","purpose":"general"},"_links":{"self":[{"href":"https:\/\/privacy4all.de\/startseite\/wp-json\/wp\/v2\/pages\/164","targetHints":{"allow":["GET"]}}],"collection":[{"href":"https:\/\/privacy4all.de\/startseite\/wp-json\/wp\/v2\/pages"}],"about":[{"href":"https:\/\/privacy4all.de\/startseite\/wp-json\/wp\/v2\/types\/page"}],"author":[{"embeddable":true,"href":"https:\/\/privacy4all.de\/startseite\/wp-json\/wp\/v2\/users\/1"}],"replies":[{"embeddable":true,"href":"https:\/\/privacy4all.de\/startseite\/wp-json\/wp\/v2\/comments?post=164"}],"version-history":[{"count":7,"href":"https:\/\/privacy4all.de\/startseite\/wp-json\/wp\/v2\/pages\/164\/revisions"}],"predecessor-version":[{"id":237,"href":"https:\/\/privacy4all.de\/startseite\/wp-json\/wp\/v2\/pages\/164\/revisions\/237"}],"wp:attachment":[{"href":"https:\/\/privacy4all.de\/startseite\/wp-json\/wp\/v2\/media?parent=164"}],"curies":[{"name":"wp","href":"https:\/\/api.w.org\/{rel}","templated":true}]}}